{"id":384,"date":"2014-12-04T14:54:19","date_gmt":"2014-12-04T12:54:19","guid":{"rendered":"https:\/\/www.ais-jugendservice.at\/?page_id=384"},"modified":"2024-11-20T09:37:34","modified_gmt":"2024-11-20T07:37:34","slug":"elternberatung-bei-einvernehmlicher-scheidung","status":"publish","type":"page","link":"https:\/\/www.ais-jugendservice.at\/de\/angebote\/elternberatung-bei-einvernehmlicher-scheidung\/","title":{"rendered":"Elternberatung bei einvernehmlicher Scheidung"},"content":{"rendered":"<h1>Elternberatung bei einvernehmlicher Scheidung<\/h1>\n<p>Seit 2013 biete das AIS Jugendservice Beratung f\u00fcr Eltern nach\u00a795 Abs. 1a Au\u00dfStrG an. Die Beratung wird in\u00a0 Einzel-, Paar- oder Gruppensettings durchgef\u00fchrt.<\/p>\n<p><b>Zentrale inhaltliche Schwerpunkte:<\/b><\/p>\n<ul>\n<li>Das Erleben der Kinder, deren Bed\u00fcrfnisse, N\u00f6te und \u00c4ngste im Zusammenhang mit der elterlichen Scheidung<\/li>\n<li>Die Rechte der Kinder auf F\u00fcrsorge und Schutz sowie verl\u00e4ssliche Kontakte zu beiden Elternteilen<\/li>\n<li>Die Gestaltung der aktuellen und zuk\u00fcnftigen Lebenssituation der Kinder<\/li>\n<\/ul>\n<hr \/>\n<p>2013&#8217;ten beri AIS Ebeveynler i\u00e7in gen\u00e7lik dan\u0131\u015fmanl\u0131k hizmeti ilgili kanun: Au\u00dfStrG B\u00f6l\u00fcm 95 (1a) uyar\u0131nca ebeveynlere tavsiyelerde bulunuyor. Dan\u0131\u015fmanl\u0131k bireysel, \u00e7ift veya grup seanslar\u0131nda yap\u0131lmaktad\u0131r.<\/p>\n<p><strong>Bu hizmetin ana odak alanlar\u0131 a\u015fa\u011f\u0131dakilerdir:<\/strong><\/p>\n<ul>\n<li>Ebeveynlerin bo\u015fanmas\u0131 ile ilgili \u00e7ocuklar\u0131n deneyimleri, ihtiya\u00e7lar\u0131, ya\u015fad\u0131klar\u0131 zorluklar ve korkular ele al\u0131nmaktad\u0131r.<\/li>\n<li>\u00c7ocuklar\u0131n bak\u0131m ve korunma haklar\u0131 ve her iki ebeveynle de g\u00fcvenilir ileti\u015fim kurulmas\u0131.<\/li>\n<li>\u00c7ocuklar\u0131n mevcut ve gelecekteki ya\u015fam durumlar\u0131n\u0131 \u015fekillendirmek.<\/li>\n<\/ul>\n<p>&nbsp;<\/p>\n<p><b>Kontakt:<\/b><\/p>\n<p>Tel: 0316 710769-20 von Montag bis Freitag: 08:00 &#8211; 12:00 Uhr<\/p>\n<p>email: <a href=\"mailto:office&#64;ais-jugend&#115;&#101;&#114;&#118;&#105;&#99;&#101;&#46;&#97;&#116;\">&#111;&#x66;f&#105;&#x63;e&#64;&#x61;i&#115;&#x2d;j&#117;&#x67;e&#110;&#x64;s&#101;&#x72;v&#105;&#x63;e&#46;&#x61;t<\/a><\/p>\n","protected":false},"excerpt":{"rendered":"<p>Elternberatung bei einvernehmlicher Scheidung Seit 2013 biete das AIS Jugendservice Beratung f\u00fcr Eltern nach\u00a795 Abs. 1a Au\u00dfStrG an. Die Beratung wird in\u00a0 Einzel-, Paar- oder Gruppensettings durchgef\u00fchrt. Zentrale inhaltliche Schwerpunkte: Das Erleben der Kinder, deren Bed\u00fcrfnisse, N\u00f6te und \u00c4ngste im Zusammenhang mit der elterlichen Scheidung Die Rechte der Kinder auf F\u00fcrsorge und Schutz sowie verl\u00e4ssliche [&hellip;]<\/p>\n","protected":false},"author":1,"featured_media":0,"parent":7,"menu_order":5,"comment_status":"closed","ping_status":"closed","template":"","meta":{"_acf_changed":false,"footnotes":""},"class_list":["post-384","page","type-page","status-publish","hentry"],"acf":[],"_links":{"self":[{"href":"https:\/\/www.ais-jugendservice.at\/de\/wp-json\/wp\/v2\/pages\/384","targetHints":{"allow":["GET"]}}],"collection":[{"href":"https:\/\/www.ais-jugendservice.at\/de\/wp-json\/wp\/v2\/pages"}],"about":[{"href":"https:\/\/www.ais-jugendservice.at\/de\/wp-json\/wp\/v2\/types\/page"}],"author":[{"embeddable":true,"href":"https:\/\/www.ais-jugendservice.at\/de\/wp-json\/wp\/v2\/users\/1"}],"replies":[{"embeddable":true,"href":"https:\/\/www.ais-jugendservice.at\/de\/wp-json\/wp\/v2\/comments?post=384"}],"version-history":[{"count":22,"href":"https:\/\/www.ais-jugendservice.at\/de\/wp-json\/wp\/v2\/pages\/384\/revisions"}],"predecessor-version":[{"id":3610,"href":"https:\/\/www.ais-jugendservice.at\/de\/wp-json\/wp\/v2\/pages\/384\/revisions\/3610"}],"up":[{"embeddable":true,"href":"https:\/\/www.ais-jugendservice.at\/de\/wp-json\/wp\/v2\/pages\/7"}],"wp:attachment":[{"href":"https:\/\/www.ais-jugendservice.at\/de\/wp-json\/wp\/v2\/media?parent=384"}],"curies":[{"name":"wp","href":"https:\/\/api.w.org\/{rel}","templated":true}]}}